{"id":10,"date":"2019-02-22T12:17:09","date_gmt":"2019-02-22T12:17:09","guid":{"rendered":"https:\/\/caixas.net\/yurt\/?page_id=10"},"modified":"2022-07-06T12:21:57","modified_gmt":"2022-07-06T12:21:57","slug":"sobre","status":"publish","type":"page","link":"https:\/\/caixas.net\/yurt\/sobre\/","title":{"rendered":"Tendas Yurts"},"content":{"rendered":"<p><strong>\u00a0<\/strong><\/p>\n<p><img loading=\"lazy\" decoding=\"async\" class=\"wp-image-152 aligncenter\" src=\"https:\/\/caixas.net\/yurt\/wp-content\/uploads\/2019\/03\/Yurt-esquema-1-300x267.jpg\" alt=\"\" width=\"203\" height=\"180\" \/><\/p>\n<p>Estas estruturas conhecidas em muitas partes do mundo como Yurt e na Mong\u00f3lia como \u201cGER\u201d.<\/p>\n<p style=\"text-align: justify;\">Com uma arquitectura simples e eficiente, resistente aos fortes ventos invernais das estepes da Mong\u00f3lia, e com caracter\u00edsticas t\u00e9rmicas regul\u00e1veis, estes abrigos foram tradicionalmente usados por\u00a0 pastores\u00a0 mong\u00f3is e outros povos n\u00f3madas da \u00c1sia Central durante s\u00e9culos. Constru\u00eddos com uma estrutura de madeira, relativamente f\u00e1cil de montar, desmontar e transportar, estes alojamentos ainda hoje s\u00e3o usados em varias partes do mundo, como instala\u00e7\u00f5es fixas ou amov\u00edveis.<\/p>\n<p>\u00a0<\/p>\n<p><strong>Exemplo da organiza\u00e7\u00e3o interior de uma Tenda Yurt<\/strong><\/p>\n<p><img loading=\"lazy\" decoding=\"async\" class=\"alignnone size-medium wp-image-283\" src=\"https:\/\/caixas.net\/yurt\/wp-content\/uploads\/2020\/04\/IMG_0751-300x200.jpg\" alt=\"\" width=\"300\" height=\"200\" srcset=\"https:\/\/caixas.net\/yurt\/wp-content\/uploads\/2020\/04\/IMG_0751-300x200.jpg 300w, https:\/\/caixas.net\/yurt\/wp-content\/uploads\/2020\/04\/IMG_0751-768x512.jpg 768w, https:\/\/caixas.net\/yurt\/wp-content\/uploads\/2020\/04\/IMG_0751-1024x683.jpg 1024w\" sizes=\"auto, (max-width: 300px) 100vw, 300px\" \/><img loading=\"lazy\" decoding=\"async\" class=\"alignnone size-medium wp-image-282\" src=\"https:\/\/caixas.net\/yurt\/wp-content\/uploads\/2020\/04\/IMG_0750-300x200.jpg\" alt=\"\" width=\"300\" height=\"200\" srcset=\"https:\/\/caixas.net\/yurt\/wp-content\/uploads\/2020\/04\/IMG_0750-300x200.jpg 300w, https:\/\/caixas.net\/yurt\/wp-content\/uploads\/2020\/04\/IMG_0750-768x512.jpg 768w, https:\/\/caixas.net\/yurt\/wp-content\/uploads\/2020\/04\/IMG_0750-1024x683.jpg 1024w\" sizes=\"auto, (max-width: 300px) 100vw, 300px\" \/><\/p>\n<p><img loading=\"lazy\" decoding=\"async\" class=\"alignnone  wp-image-283\" src=\"https:\/\/caixas.net\/yurt\/wp-content\/uploads\/2020\/04\/IMG_0751-300x200.jpg\" alt=\"\" width=\"299\" height=\"199\" srcset=\"https:\/\/caixas.net\/yurt\/wp-content\/uploads\/2020\/04\/IMG_0751-300x200.jpg 300w, https:\/\/caixas.net\/yurt\/wp-content\/uploads\/2020\/04\/IMG_0751-768x512.jpg 768w, https:\/\/caixas.net\/yurt\/wp-content\/uploads\/2020\/04\/IMG_0751-1024x683.jpg 1024w\" sizes=\"auto, (max-width: 299px) 100vw, 299px\" \/><img loading=\"lazy\" decoding=\"async\" class=\"alignnone  wp-image-284\" src=\"https:\/\/caixas.net\/yurt\/wp-content\/uploads\/2020\/04\/IMG_0756-300x200.jpg\" alt=\"\" width=\"296\" height=\"197\" srcset=\"https:\/\/caixas.net\/yurt\/wp-content\/uploads\/2020\/04\/IMG_0756-300x200.jpg 300w, https:\/\/caixas.net\/yurt\/wp-content\/uploads\/2020\/04\/IMG_0756-768x512.jpg 768w, https:\/\/caixas.net\/yurt\/wp-content\/uploads\/2020\/04\/IMG_0756-1024x683.jpg 1024w\" sizes=\"auto, (max-width: 296px) 100vw, 296px\" \/><\/p>\n\n","protected":false},"excerpt":{"rendered":"<p>\u00a0 Estas estruturas conhecidas em muitas partes do mundo como Yurt e na Mong\u00f3lia como \u201cGER\u201d. Com uma arquitectura simples e eficiente, resistente aos fortes ventos invernais das estepes da Mong\u00f3lia, e com caracter\u00edsticas t\u00e9rmicas regul\u00e1veis, estes abrigos foram tradicionalmente usados por\u00a0 pastores\u00a0 mong\u00f3is e outros povos n\u00f3madas da \u00c1sia Central durante s\u00e9culos. Constru\u00eddos com &hellip; <\/p>\n<p class=\"link-more\"><a href=\"https:\/\/caixas.net\/yurt\/sobre\/\" class=\"more-link\">Continuar a ler <span class=\"screen-reader-text\">&#8220;Tendas Yurts&#8221;<\/span><\/a><\/p>\n","protected":false},"author":1,"featured_media":161,"parent":0,"menu_order":0,"comment_status":"closed","ping_status":"closed","template":"","meta":{"_acf_changed":false,"footnotes":""},"class_list":["post-10","page","type-page","status-publish","has-post-thumbnail","hentry"],"acf":[],"yoast_head":"<!-- This site is optimized with the Yoast SEO plugin v27.3 - https:\/\/yoast.com\/product\/yoast-seo-wordpress\/ -->\n<title>Tendas Yurts - Tendas Yurt<\/title>\n<meta name=\"robots\" content=\"index, follow, max-snippet:-1, max-image-preview:large, max-video-preview:-1\" \/>\n<link rel=\"canonical\" href=\"https:\/\/caixas.net\/yurt\/sobre\/\" \/>\n<meta property=\"og:locale\" content=\"pt_PT\" \/>\n<meta property=\"og:type\" content=\"article\" \/>\n<meta property=\"og:title\" content=\"Tendas Yurts - Tendas Yurt\" \/>\n<meta property=\"og:description\" content=\"\u00a0 Estas estruturas conhecidas em muitas partes do mundo como Yurt e na Mong\u00f3lia como \u201cGER\u201d. Com uma arquitectura simples e eficiente, resistente aos fortes ventos invernais das estepes da Mong\u00f3lia, e com caracter\u00edsticas t\u00e9rmicas regul\u00e1veis, estes abrigos foram tradicionalmente usados por\u00a0 pastores\u00a0 mong\u00f3is e outros povos n\u00f3madas da \u00c1sia Central durante s\u00e9culos. Constru\u00eddos com &hellip; Continuar a ler &quot;Tendas Yurts&quot;\" \/>\n<meta property=\"og:url\" content=\"https:\/\/caixas.net\/yurt\/sobre\/\" \/>\n<meta property=\"og:site_name\" content=\"Tendas Yurt\" \/>\n<meta property=\"article:modified_time\" content=\"2022-07-06T12:21:57+00:00\" \/>\n<meta property=\"og:image\" content=\"https:\/\/caixas.net\/yurt\/wp-content\/uploads\/2019\/03\/Yurt-Interior1-1.jpg\" \/>\n\t<meta property=\"og:image:width\" content=\"4884\" \/>\n\t<meta property=\"og:image:height\" content=\"2693\" \/>\n\t<meta property=\"og:image:type\" content=\"image\/jpeg\" \/>\n<meta name=\"twitter:card\" content=\"summary_large_image\" \/>\n<meta name=\"twitter:label1\" content=\"Tempo estimado de leitura\" \/>\n\t<meta name=\"twitter:data1\" content=\"2 minutos\" \/>\n<script type=\"application\/ld+json\" class=\"yoast-schema-graph\">{\"@context\":\"https:\\\/\\\/schema.org\",\"@graph\":[{\"@type\":\"WebPage\",\"@id\":\"https:\\\/\\\/caixas.net\\\/yurt\\\/sobre\\\/\",\"url\":\"https:\\\/\\\/caixas.net\\\/yurt\\\/sobre\\\/\",\"name\":\"Tendas Yurts - Tendas Yurt\",\"isPartOf\":{\"@id\":\"https:\\\/\\\/caixas.net\\\/yurt\\\/#website\"},\"primaryImageOfPage\":{\"@id\":\"https:\\\/\\\/caixas.net\\\/yurt\\\/sobre\\\/#primaryimage\"},\"image\":{\"@id\":\"https:\\\/\\\/caixas.net\\\/yurt\\\/sobre\\\/#primaryimage\"},\"thumbnailUrl\":\"https:\\\/\\\/caixas.net\\\/yurt\\\/wp-content\\\/uploads\\\/2019\\\/03\\\/Yurt-Interior1-1.jpg\",\"datePublished\":\"2019-02-22T12:17:09+00:00\",\"dateModified\":\"2022-07-06T12:21:57+00:00\",\"breadcrumb\":{\"@id\":\"https:\\\/\\\/caixas.net\\\/yurt\\\/sobre\\\/#breadcrumb\"},\"inLanguage\":\"pt-PT\",\"potentialAction\":[{\"@type\":\"ReadAction\",\"target\":[\"https:\\\/\\\/caixas.net\\\/yurt\\\/sobre\\\/\"]}]},{\"@type\":\"ImageObject\",\"inLanguage\":\"pt-PT\",\"@id\":\"https:\\\/\\\/caixas.net\\\/yurt\\\/sobre\\\/#primaryimage\",\"url\":\"https:\\\/\\\/caixas.net\\\/yurt\\\/wp-content\\\/uploads\\\/2019\\\/03\\\/Yurt-Interior1-1.jpg\",\"contentUrl\":\"https:\\\/\\\/caixas.net\\\/yurt\\\/wp-content\\\/uploads\\\/2019\\\/03\\\/Yurt-Interior1-1.jpg\",\"width\":4884,\"height\":2693},{\"@type\":\"BreadcrumbList\",\"@id\":\"https:\\\/\\\/caixas.net\\\/yurt\\\/sobre\\\/#breadcrumb\",\"itemListElement\":[{\"@type\":\"ListItem\",\"position\":1,\"name\":\"Home\",\"item\":\"https:\\\/\\\/caixas.net\\\/yurt\\\/\"},{\"@type\":\"ListItem\",\"position\":2,\"name\":\"Tendas Yurts\"}]},{\"@type\":\"WebSite\",\"@id\":\"https:\\\/\\\/caixas.net\\\/yurt\\\/#website\",\"url\":\"https:\\\/\\\/caixas.net\\\/yurt\\\/\",\"name\":\"Tendas Yurt\",\"description\":\"Produ\u00e7\u00e3o de Yurts \u00e1 medida da sua necessidade\",\"potentialAction\":[{\"@type\":\"SearchAction\",\"target\":{\"@type\":\"EntryPoint\",\"urlTemplate\":\"https:\\\/\\\/caixas.net\\\/yurt\\\/?s={search_term_string}\"},\"query-input\":{\"@type\":\"PropertyValueSpecification\",\"valueRequired\":true,\"valueName\":\"search_term_string\"}}],\"inLanguage\":\"pt-PT\"}]}<\/script>\n<!-- \/ Yoast SEO plugin. -->","yoast_head_json":{"title":"Tendas Yurts - Tendas Yurt","robots":{"index":"index","follow":"follow","max-snippet":"max-snippet:-1","max-image-preview":"max-image-preview:large","max-video-preview":"max-video-preview:-1"},"canonical":"https:\/\/caixas.net\/yurt\/sobre\/","og_locale":"pt_PT","og_type":"article","og_title":"Tendas Yurts - Tendas Yurt","og_description":"\u00a0 Estas estruturas conhecidas em muitas partes do mundo como Yurt e na Mong\u00f3lia como \u201cGER\u201d. Com uma arquitectura simples e eficiente, resistente aos fortes ventos invernais das estepes da Mong\u00f3lia, e com caracter\u00edsticas t\u00e9rmicas regul\u00e1veis, estes abrigos foram tradicionalmente usados por\u00a0 pastores\u00a0 mong\u00f3is e outros povos n\u00f3madas da \u00c1sia Central durante s\u00e9culos. Constru\u00eddos com &hellip; Continuar a ler \"Tendas Yurts\"","og_url":"https:\/\/caixas.net\/yurt\/sobre\/","og_site_name":"Tendas Yurt","article_modified_time":"2022-07-06T12:21:57+00:00","og_image":[{"width":4884,"height":2693,"url":"https:\/\/caixas.net\/yurt\/wp-content\/uploads\/2019\/03\/Yurt-Interior1-1.jpg","type":"image\/jpeg"}],"twitter_card":"summary_large_image","twitter_misc":{"Tempo estimado de leitura":"2 minutos"},"schema":{"@context":"https:\/\/schema.org","@graph":[{"@type":"WebPage","@id":"https:\/\/caixas.net\/yurt\/sobre\/","url":"https:\/\/caixas.net\/yurt\/sobre\/","name":"Tendas Yurts - Tendas Yurt","isPartOf":{"@id":"https:\/\/caixas.net\/yurt\/#website"},"primaryImageOfPage":{"@id":"https:\/\/caixas.net\/yurt\/sobre\/#primaryimage"},"image":{"@id":"https:\/\/caixas.net\/yurt\/sobre\/#primaryimage"},"thumbnailUrl":"https:\/\/caixas.net\/yurt\/wp-content\/uploads\/2019\/03\/Yurt-Interior1-1.jpg","datePublished":"2019-02-22T12:17:09+00:00","dateModified":"2022-07-06T12:21:57+00:00","breadcrumb":{"@id":"https:\/\/caixas.net\/yurt\/sobre\/#breadcrumb"},"inLanguage":"pt-PT","potentialAction":[{"@type":"ReadAction","target":["https:\/\/caixas.net\/yurt\/sobre\/"]}]},{"@type":"ImageObject","inLanguage":"pt-PT","@id":"https:\/\/caixas.net\/yurt\/sobre\/#primaryimage","url":"https:\/\/caixas.net\/yurt\/wp-content\/uploads\/2019\/03\/Yurt-Interior1-1.jpg","contentUrl":"https:\/\/caixas.net\/yurt\/wp-content\/uploads\/2019\/03\/Yurt-Interior1-1.jpg","width":4884,"height":2693},{"@type":"BreadcrumbList","@id":"https:\/\/caixas.net\/yurt\/sobre\/#breadcrumb","itemListElement":[{"@type":"ListItem","position":1,"name":"Home","item":"https:\/\/caixas.net\/yurt\/"},{"@type":"ListItem","position":2,"name":"Tendas Yurts"}]},{"@type":"WebSite","@id":"https:\/\/caixas.net\/yurt\/#website","url":"https:\/\/caixas.net\/yurt\/","name":"Tendas Yurt","description":"Produ\u00e7\u00e3o de Yurts \u00e1 medida da sua necessidade","potentialAction":[{"@type":"SearchAction","target":{"@type":"EntryPoint","urlTemplate":"https:\/\/caixas.net\/yurt\/?s={search_term_string}"},"query-input":{"@type":"PropertyValueSpecification","valueRequired":true,"valueName":"search_term_string"}}],"inLanguage":"pt-PT"}]}},"_links":{"self":[{"href":"https:\/\/caixas.net\/yurt\/wp-json\/wp\/v2\/pages\/10","targetHints":{"allow":["GET"]}}],"collection":[{"href":"https:\/\/caixas.net\/yurt\/wp-json\/wp\/v2\/pages"}],"about":[{"href":"https:\/\/caixas.net\/yurt\/wp-json\/wp\/v2\/types\/page"}],"author":[{"embeddable":true,"href":"https:\/\/caixas.net\/yurt\/wp-json\/wp\/v2\/users\/1"}],"replies":[{"embeddable":true,"href":"https:\/\/caixas.net\/yurt\/wp-json\/wp\/v2\/comments?post=10"}],"version-history":[{"count":15,"href":"https:\/\/caixas.net\/yurt\/wp-json\/wp\/v2\/pages\/10\/revisions"}],"predecessor-version":[{"id":293,"href":"https:\/\/caixas.net\/yurt\/wp-json\/wp\/v2\/pages\/10\/revisions\/293"}],"wp:featuredmedia":[{"embeddable":true,"href":"https:\/\/caixas.net\/yurt\/wp-json\/wp\/v2\/media\/161"}],"wp:attachment":[{"href":"https:\/\/caixas.net\/yurt\/wp-json\/wp\/v2\/media?parent=10"}],"curies":[{"name":"wp","href":"https:\/\/api.w.org\/{rel}","templated":true}]}}