{"id":11,"date":"2019-02-22T12:17:09","date_gmt":"2019-02-22T12:17:09","guid":{"rendered":"https:\/\/caixas.net\/yurt\/?page_id=11"},"modified":"2019-03-18T23:06:55","modified_gmt":"2019-03-18T23:06:55","slug":"contacto","status":"publish","type":"page","link":"https:\/\/caixas.net\/yurt\/contacto\/","title":{"rendered":"Contacto"},"content":{"rendered":"<p>Se o Yurt est\u00e1 no teu imagin\u00e1rio n\u00f3s podemos projectar a tua ideia para a realidade!!<\/p>\n","protected":false},"excerpt":{"rendered":"<p>Se o Yurt est\u00e1 no teu imagin\u00e1rio n\u00f3s podemos projectar a tua ideia para a realidade!!<\/p>\n","protected":false},"author":1,"featured_media":33,"parent":0,"menu_order":0,"comment_status":"closed","ping_status":"closed","template":"","meta":{"_acf_changed":false,"footnotes":""},"class_list":["post-11","page","type-page","status-publish","has-post-thumbnail","hentry"],"acf":[],"yoast_head":"<!-- This site is optimized with the Yoast SEO plugin v27.3 - https:\/\/yoast.com\/product\/yoast-seo-wordpress\/ -->\n<title>Contacto - Tendas Yurt<\/title>\n<meta name=\"robots\" content=\"index, follow, max-snippet:-1, max-image-preview:large, max-video-preview:-1\" \/>\n<link rel=\"canonical\" href=\"https:\/\/caixas.net\/yurt\/contacto\/\" \/>\n<meta property=\"og:locale\" content=\"pt_PT\" \/>\n<meta property=\"og:type\" content=\"article\" \/>\n<meta property=\"og:title\" content=\"Contacto - Tendas Yurt\" \/>\n<meta property=\"og:description\" content=\"Se o Yurt est\u00e1 no teu imagin\u00e1rio n\u00f3s podemos projectar a tua ideia para a realidade!!\" \/>\n<meta property=\"og:url\" content=\"https:\/\/caixas.net\/yurt\/contacto\/\" \/>\n<meta property=\"og:site_name\" content=\"Tendas Yurt\" \/>\n<meta property=\"article:modified_time\" content=\"2019-03-18T23:06:55+00:00\" \/>\n<meta property=\"og:image\" content=\"https:\/\/caixas.net\/yurt\/wp-content\/uploads\/2019\/02\/Yurt-Capa.jpg\" \/>\n\t<meta property=\"og:image:width\" content=\"3088\" \/>\n\t<meta property=\"og:image:height\" content=\"2056\" \/>\n\t<meta property=\"og:image:type\" content=\"image\/jpeg\" \/>\n<meta name=\"twitter:card\" content=\"summary_large_image\" \/>\n<script type=\"application\/ld+json\" class=\"yoast-schema-graph\">{\"@context\":\"https:\\\/\\\/schema.org\",\"@graph\":[{\"@type\":\"WebPage\",\"@id\":\"https:\\\/\\\/caixas.net\\\/yurt\\\/contacto\\\/\",\"url\":\"https:\\\/\\\/caixas.net\\\/yurt\\\/contacto\\\/\",\"name\":\"Contacto - Tendas Yurt\",\"isPartOf\":{\"@id\":\"https:\\\/\\\/caixas.net\\\/yurt\\\/#website\"},\"primaryImageOfPage\":{\"@id\":\"https:\\\/\\\/caixas.net\\\/yurt\\\/contacto\\\/#primaryimage\"},\"image\":{\"@id\":\"https:\\\/\\\/caixas.net\\\/yurt\\\/contacto\\\/#primaryimage\"},\"thumbnailUrl\":\"https:\\\/\\\/caixas.net\\\/yurt\\\/wp-content\\\/uploads\\\/2019\\\/02\\\/Yurt-Capa.jpg\",\"datePublished\":\"2019-02-22T12:17:09+00:00\",\"dateModified\":\"2019-03-18T23:06:55+00:00\",\"breadcrumb\":{\"@id\":\"https:\\\/\\\/caixas.net\\\/yurt\\\/contacto\\\/#breadcrumb\"},\"inLanguage\":\"pt-PT\",\"potentialAction\":[{\"@type\":\"ReadAction\",\"target\":[\"https:\\\/\\\/caixas.net\\\/yurt\\\/contacto\\\/\"]}]},{\"@type\":\"ImageObject\",\"inLanguage\":\"pt-PT\",\"@id\":\"https:\\\/\\\/caixas.net\\\/yurt\\\/contacto\\\/#primaryimage\",\"url\":\"https:\\\/\\\/caixas.net\\\/yurt\\\/wp-content\\\/uploads\\\/2019\\\/02\\\/Yurt-Capa.jpg\",\"contentUrl\":\"https:\\\/\\\/caixas.net\\\/yurt\\\/wp-content\\\/uploads\\\/2019\\\/02\\\/Yurt-Capa.jpg\",\"width\":3088,\"height\":2056},{\"@type\":\"BreadcrumbList\",\"@id\":\"https:\\\/\\\/caixas.net\\\/yurt\\\/contacto\\\/#breadcrumb\",\"itemListElement\":[{\"@type\":\"ListItem\",\"position\":1,\"name\":\"Home\",\"item\":\"https:\\\/\\\/caixas.net\\\/yurt\\\/\"},{\"@type\":\"ListItem\",\"position\":2,\"name\":\"Contacto\"}]},{\"@type\":\"WebSite\",\"@id\":\"https:\\\/\\\/caixas.net\\\/yurt\\\/#website\",\"url\":\"https:\\\/\\\/caixas.net\\\/yurt\\\/\",\"name\":\"Tendas Yurt\",\"description\":\"Produ\u00e7\u00e3o de Yurts \u00e1 medida da sua necessidade\",\"potentialAction\":[{\"@type\":\"SearchAction\",\"target\":{\"@type\":\"EntryPoint\",\"urlTemplate\":\"https:\\\/\\\/caixas.net\\\/yurt\\\/?s={search_term_string}\"},\"query-input\":{\"@type\":\"PropertyValueSpecification\",\"valueRequired\":true,\"valueName\":\"search_term_string\"}}],\"inLanguage\":\"pt-PT\"}]}<\/script>\n<!-- \/ Yoast SEO plugin. -->","yoast_head_json":{"title":"Contacto - Tendas Yurt","robots":{"index":"index","follow":"follow","max-snippet":"max-snippet:-1","max-image-preview":"max-image-preview:large","max-video-preview":"max-video-preview:-1"},"canonical":"https:\/\/caixas.net\/yurt\/contacto\/","og_locale":"pt_PT","og_type":"article","og_title":"Contacto - Tendas Yurt","og_description":"Se o Yurt est\u00e1 no teu imagin\u00e1rio n\u00f3s podemos projectar a tua ideia para a realidade!!","og_url":"https:\/\/caixas.net\/yurt\/contacto\/","og_site_name":"Tendas Yurt","article_modified_time":"2019-03-18T23:06:55+00:00","og_image":[{"width":3088,"height":2056,"url":"https:\/\/caixas.net\/yurt\/wp-content\/uploads\/2019\/02\/Yurt-Capa.jpg","type":"image\/jpeg"}],"twitter_card":"summary_large_image","schema":{"@context":"https:\/\/schema.org","@graph":[{"@type":"WebPage","@id":"https:\/\/caixas.net\/yurt\/contacto\/","url":"https:\/\/caixas.net\/yurt\/contacto\/","name":"Contacto - Tendas Yurt","isPartOf":{"@id":"https:\/\/caixas.net\/yurt\/#website"},"primaryImageOfPage":{"@id":"https:\/\/caixas.net\/yurt\/contacto\/#primaryimage"},"image":{"@id":"https:\/\/caixas.net\/yurt\/contacto\/#primaryimage"},"thumbnailUrl":"https:\/\/caixas.net\/yurt\/wp-content\/uploads\/2019\/02\/Yurt-Capa.jpg","datePublished":"2019-02-22T12:17:09+00:00","dateModified":"2019-03-18T23:06:55+00:00","breadcrumb":{"@id":"https:\/\/caixas.net\/yurt\/contacto\/#breadcrumb"},"inLanguage":"pt-PT","potentialAction":[{"@type":"ReadAction","target":["https:\/\/caixas.net\/yurt\/contacto\/"]}]},{"@type":"ImageObject","inLanguage":"pt-PT","@id":"https:\/\/caixas.net\/yurt\/contacto\/#primaryimage","url":"https:\/\/caixas.net\/yurt\/wp-content\/uploads\/2019\/02\/Yurt-Capa.jpg","contentUrl":"https:\/\/caixas.net\/yurt\/wp-content\/uploads\/2019\/02\/Yurt-Capa.jpg","width":3088,"height":2056},{"@type":"BreadcrumbList","@id":"https:\/\/caixas.net\/yurt\/contacto\/#breadcrumb","itemListElement":[{"@type":"ListItem","position":1,"name":"Home","item":"https:\/\/caixas.net\/yurt\/"},{"@type":"ListItem","position":2,"name":"Contacto"}]},{"@type":"WebSite","@id":"https:\/\/caixas.net\/yurt\/#website","url":"https:\/\/caixas.net\/yurt\/","name":"Tendas Yurt","description":"Produ\u00e7\u00e3o de Yurts \u00e1 medida da sua necessidade","potentialAction":[{"@type":"SearchAction","target":{"@type":"EntryPoint","urlTemplate":"https:\/\/caixas.net\/yurt\/?s={search_term_string}"},"query-input":{"@type":"PropertyValueSpecification","valueRequired":true,"valueName":"search_term_string"}}],"inLanguage":"pt-PT"}]}},"_links":{"self":[{"href":"https:\/\/caixas.net\/yurt\/wp-json\/wp\/v2\/pages\/11","targetHints":{"allow":["GET"]}}],"collection":[{"href":"https:\/\/caixas.net\/yurt\/wp-json\/wp\/v2\/pages"}],"about":[{"href":"https:\/\/caixas.net\/yurt\/wp-json\/wp\/v2\/types\/page"}],"author":[{"embeddable":true,"href":"https:\/\/caixas.net\/yurt\/wp-json\/wp\/v2\/users\/1"}],"replies":[{"embeddable":true,"href":"https:\/\/caixas.net\/yurt\/wp-json\/wp\/v2\/comments?post=11"}],"version-history":[{"count":2,"href":"https:\/\/caixas.net\/yurt\/wp-json\/wp\/v2\/pages\/11\/revisions"}],"predecessor-version":[{"id":204,"href":"https:\/\/caixas.net\/yurt\/wp-json\/wp\/v2\/pages\/11\/revisions\/204"}],"wp:featuredmedia":[{"embeddable":true,"href":"https:\/\/caixas.net\/yurt\/wp-json\/wp\/v2\/media\/33"}],"wp:attachment":[{"href":"https:\/\/caixas.net\/yurt\/wp-json\/wp\/v2\/media?parent=11"}],"curies":[{"name":"wp","href":"https:\/\/api.w.org\/{rel}","templated":true}]}}