{"id":142,"date":"2019-03-13T18:51:51","date_gmt":"2019-03-13T18:51:51","guid":{"rendered":"https:\/\/caixas.net\/yurt\/?page_id=142"},"modified":"2021-02-22T23:21:54","modified_gmt":"2021-02-22T23:21:54","slug":"materiais-opcoes","status":"publish","type":"page","link":"https:\/\/caixas.net\/yurt\/materiais-opcoes\/","title":{"rendered":"Materiais \/ Op\u00e7\u00f5es"},"content":{"rendered":"\n<p><strong>Materiais usados na constru\u00e7\u00e3o das Tendas Yurt:<\/strong><\/p>\n<ul>\n<li>Madeiras para a estrutura, o estrado e o soalho<\/li>\n<li>Varios tipos de isolamento e espessuras<\/li>\n<li>Tecidos interiores<\/li>\n<li>Lona\u00a0 imperme\u00e1vel<\/li>\n<li>Cobertura de poli\u00e9ster<\/li>\n<\/ul>\n<p><strong>Madeiras<\/strong><\/p>\n<p><img loading=\"lazy\" decoding=\"async\" class=\"alignnone size-medium wp-image-36\" src=\"https:\/\/caixas.net\/yurt\/wp-content\/uploads\/2019\/02\/Yurt-Estrutura-1-e1552513082892-300x166.jpg\" alt=\"\" width=\"300\" height=\"166\" srcset=\"https:\/\/caixas.net\/yurt\/wp-content\/uploads\/2019\/02\/Yurt-Estrutura-1-e1552513082892-300x166.jpg 300w, https:\/\/caixas.net\/yurt\/wp-content\/uploads\/2019\/02\/Yurt-Estrutura-1-e1552513082892-768x424.jpg 768w, https:\/\/caixas.net\/yurt\/wp-content\/uploads\/2019\/02\/Yurt-Estrutura-1-e1552513082892-1024x566.jpg 1024w\" sizes=\"auto, (max-width: 300px) 100vw, 300px\" \/><\/p>\n<p>Estas s\u00e3o respons\u00e1veis por toda a parte estrutural desta constru\u00e7\u00e3o composta por os seguintes elementos:<\/p>\n<ul>\n<li style=\"text-align: justify;\">O aro da C\u00fapula, zona central do tecto, \u00e9 uma pe\u00e7a \u00fanica que serve de encaixe \u00e1s varas que formam o telhado e que \u00e9 rematado com uma clarab\u00f3ia. Esta pe\u00e7a normalmente \u00e9 constru\u00edda em madeira de Pinho N\u00f3rdico (Casquinha) por ser uma madeira leve com uma excelente resist\u00eancia mec\u00e2nica, no entanto pode ser constru\u00edda em Pinho Tratado ou outras&#8230;.<\/li>\n<li style=\"text-align: justify;\">As Varas do telhado podem ser de diversas madeira, estas devem ser duras e resistentes pois s\u00e3o o suporte do v\u00e3o do telhado. Podem ser rectangulares ou redondos e v\u00e3o encaixar no aro da c\u00fapula e assentar nas paredes.<\/li>\n<li style=\"text-align: justify;\">As paredes constitu\u00eddas por uma &#8220;rede&#8221; de ripas cursadas e ligadas entre si, servem de suporte ao telhado, e t\u00eam de resistir \u00e1s for\u00e7as dos fortes ventos e \u00e1s inerentes tor\u00e7\u00f5es a que ficam sujeitas. A quantidade de ripas de madeira e a liga\u00e7\u00e3o entre elas d\u00e1 a este elemento uma resist\u00eancia muito peculiar, mas \u00e9 necess\u00e1rio ter algum cuidado na selec\u00e7\u00e3o desta madeira.<\/li>\n<li style=\"text-align: justify;\">Soalho, \u00e9 um elemento de conforto, que deve ser bem tratado. Este \u00e9 montado de forma a obstruir a passagem de correntes de ar para o interior e tem de ser bem ventilado\/arejado na parte inferior devido \u00e1s humidades.<\/li>\n<li style=\"text-align: justify;\">O Estrado \u00e9 a estrutura de base, onde vai assentar o Yurt. Esta normalmente fica encima de pilares, feitos de blocos ou pedras, que v\u00e3o permitir o nivelamento e uma boa caixa de ar entre o solo e a estrutura. Pode ser constru\u00edda em madeira de Pinho N\u00f3rdico (Casquinha), Pinho Tratado.<\/li>\n<li style=\"text-align: justify;\">As madeiras das Portas e Janelas s\u00e3o apropriadas para o exterior e devem ser tratadas com regularidade, garantindo assim uma melhor durabilidade.<\/li>\n<\/ul>\n<p><strong>Tecido Interior<\/strong><\/p>\n<p><img loading=\"lazy\" decoding=\"async\" class=\"alignnone  wp-image-234\" src=\"https:\/\/caixas.net\/yurt\/wp-content\/uploads\/2019\/11\/IMG_9258-300x200.jpg\" alt=\"\" width=\"263\" height=\"175\" srcset=\"https:\/\/caixas.net\/yurt\/wp-content\/uploads\/2019\/11\/IMG_9258-300x200.jpg 300w, https:\/\/caixas.net\/yurt\/wp-content\/uploads\/2019\/11\/IMG_9258-768x511.jpg 768w, https:\/\/caixas.net\/yurt\/wp-content\/uploads\/2019\/11\/IMG_9258-1024x682.jpg 1024w\" sizes=\"auto, (max-width: 263px) 100vw, 263px\" \/><\/p>\n<p>O tecido interior da yurt \u00e9 composto por algod\u00e3o e sugere &#8211; se a cor areia<\/p>\n<p>\u00a0<\/p>\n<p><strong>Isolamento<\/strong><\/p>\n<p><img loading=\"lazy\" decoding=\"async\" class=\"alignnone  wp-image-236\" src=\"https:\/\/caixas.net\/yurt\/wp-content\/uploads\/2019\/11\/IMG-20180712-WA0004-300x190.jpg\" alt=\"\" width=\"256\" height=\"162\" srcset=\"https:\/\/caixas.net\/yurt\/wp-content\/uploads\/2019\/11\/IMG-20180712-WA0004-300x190.jpg 300w, https:\/\/caixas.net\/yurt\/wp-content\/uploads\/2019\/11\/IMG-20180712-WA0004-768x485.jpg 768w, https:\/\/caixas.net\/yurt\/wp-content\/uploads\/2019\/11\/IMG-20180712-WA0004.jpg 1024w\" sizes=\"auto, (max-width: 256px) 100vw, 256px\" \/><\/p>\n<p>Os 40mm de espessura do Isolamento contribuem para o isolamento t\u00e9rmico e ac\u00fastico de toda a yurt.<\/p>\n<p>O Isolamento\u00a0 \u00e9 composto por um aglomerado de fibras sint\u00e9ticas provenientes de aproveitamento de roupas velhas . Existem outros isolamentos mais org\u00e2nicos que podem ser utilizados para este fim, como por exemplo a l\u00e3 de ovelha, fibra de coco, fibra de c\u00e2nhamo, fibra de linho &#8230; A espessura deste tamb\u00e9m pode se ajustada a cada situa\u00e7\u00e3o.<\/p>\n<p><strong>Lona<\/strong><\/p>\n<p><img loading=\"lazy\" decoding=\"async\" class=\"alignnone size-medium wp-image-249\" src=\"https:\/\/caixas.net\/yurt\/wp-content\/uploads\/2019\/11\/IMG_9284-1-300x200.jpg\" alt=\"\" width=\"300\" height=\"200\" srcset=\"https:\/\/caixas.net\/yurt\/wp-content\/uploads\/2019\/11\/IMG_9284-1-300x200.jpg 300w, https:\/\/caixas.net\/yurt\/wp-content\/uploads\/2019\/11\/IMG_9284-1-768x511.jpg 768w, https:\/\/caixas.net\/yurt\/wp-content\/uploads\/2019\/11\/IMG_9284-1-1024x682.jpg 1024w\" sizes=\"auto, (max-width: 300px) 100vw, 300px\" \/><\/p>\n<p>A Lona\u00a0 \u00e9 composta por 52% de Poli\u00e9ster que <span class=\"tlid-translation translation\" lang=\"pt\"><span class=\"\" title=\"\">proporcionam resist\u00eancia e <\/span><\/span>48% de Algod\u00e3o, que <span class=\"tlid-translation translation\" lang=\"pt\"><span class=\"\" title=\"\">garantem a respirabilidade<\/span><\/span> do tecido.<\/p>\n<p>V\u00e1rias cores dispon\u00edveis<\/p>\n<p><img loading=\"lazy\" decoding=\"async\" class=\"alignnone size-medium wp-image-254\" src=\"https:\/\/caixas.net\/yurt\/wp-content\/uploads\/2019\/11\/Lona-Regentex-Cores-site-300x90.jpg\" alt=\"\" width=\"300\" height=\"90\" srcset=\"https:\/\/caixas.net\/yurt\/wp-content\/uploads\/2019\/11\/Lona-Regentex-Cores-site-300x90.jpg 300w, https:\/\/caixas.net\/yurt\/wp-content\/uploads\/2019\/11\/Lona-Regentex-Cores-site-768x230.jpg 768w, https:\/\/caixas.net\/yurt\/wp-content\/uploads\/2019\/11\/Lona-Regentex-Cores-site-1024x307.jpg 1024w, https:\/\/caixas.net\/yurt\/wp-content\/uploads\/2019\/11\/Lona-Regentex-Cores-site.jpg 1575w\" sizes=\"auto, (max-width: 300px) 100vw, 300px\" \/><\/p>\n<p><strong>Capa<\/strong><\/p>\n<p>A cobertura final \u00e9 composta por um tecido\u00a0 de poli\u00e9ster e serve para aumentar a longevidade da lona .<\/p>\n<p>V\u00e1rias cores dispon\u00edveis<\/p>\n<p>\u00a0<\/p>\n","protected":false},"excerpt":{"rendered":"<p>Materiais usados na constru\u00e7\u00e3o das Tendas Yurt: Madeiras para a estrutura, o estrado e o soalho Varios tipos de isolamento e espessuras Tecidos interiores Lona\u00a0 imperme\u00e1vel Cobertura de poli\u00e9ster Madeiras Estas s\u00e3o respons\u00e1veis por toda a parte estrutural desta constru\u00e7\u00e3o composta por os seguintes elementos: O aro da C\u00fapula, zona central do tecto, \u00e9 uma &hellip; <\/p>\n<p class=\"link-more\"><a href=\"https:\/\/caixas.net\/yurt\/materiais-opcoes\/\" class=\"more-link\">Continuar a ler <span class=\"screen-reader-text\">&#8220;Materiais \/ Op\u00e7\u00f5es&#8221;<\/span><\/a><\/p>\n","protected":false},"author":1,"featured_media":0,"parent":0,"menu_order":0,"comment_status":"closed","ping_status":"closed","template":"","meta":{"_acf_changed":false,"footnotes":""},"class_list":["post-142","page","type-page","status-publish","hentry"],"acf":[],"yoast_head":"<!-- This site is optimized with the Yoast SEO plugin v27.3 - https:\/\/yoast.com\/product\/yoast-seo-wordpress\/ -->\n<title>Materiais \/ Op\u00e7\u00f5es - Tendas Yurt<\/title>\n<meta name=\"description\" content=\"As Yurts podem ser constru\u00eddas com diversos materiais. Estes devem ser selecionados de acordo com o clima onde a Yurt vai ser montada, a finalidade a que se destina..., e pode sempre ajustar os materiais ao seu gosto. Os tipos de materiais s\u00e3o: % - Madeiras para a estrutura, o estrado e o soalho- Tipos de isolamento e respectivas espessuras- Tecidos interiores- A lonas devem ser imperme\u00e1vel e respir\u00e1vel- Cobertura da lona (aumenta a longevidade da lona)\" \/>\n<meta name=\"robots\" content=\"index, follow, max-snippet:-1, max-image-preview:large, max-video-preview:-1\" \/>\n<link rel=\"canonical\" href=\"https:\/\/caixas.net\/yurt\/materiais-opcoes\/\" \/>\n<meta property=\"og:locale\" content=\"pt_PT\" \/>\n<meta property=\"og:type\" content=\"article\" \/>\n<meta property=\"og:title\" content=\"Materiais \/ Op\u00e7\u00f5es - Tendas Yurt\" \/>\n<meta property=\"og:description\" content=\"As Yurts podem ser constru\u00eddas com diversos materiais. Estes devem ser selecionados de acordo com o clima onde a Yurt vai ser montada, a finalidade a que se destina..., e pode sempre ajustar os materiais ao seu gosto. Os tipos de materiais s\u00e3o: % - Madeiras para a estrutura, o estrado e o soalho- Tipos de isolamento e respectivas espessuras- Tecidos interiores- A lonas devem ser imperme\u00e1vel e respir\u00e1vel- Cobertura da lona (aumenta a longevidade da lona)\" \/>\n<meta property=\"og:url\" content=\"https:\/\/caixas.net\/yurt\/materiais-opcoes\/\" \/>\n<meta property=\"og:site_name\" content=\"Tendas Yurt\" \/>\n<meta property=\"article:modified_time\" content=\"2021-02-22T23:21:54+00:00\" \/>\n<meta property=\"og:image\" content=\"https:\/\/caixas.net\/yurt\/wp-content\/uploads\/2019\/02\/Yurt-Estrutura-1-e1552513082892-300x166.jpg\" \/>\n<meta name=\"twitter:card\" content=\"summary_large_image\" \/>\n<meta name=\"twitter:label1\" content=\"Tempo estimado de leitura\" \/>\n\t<meta name=\"twitter:data1\" content=\"3 minutos\" \/>\n<script type=\"application\/ld+json\" class=\"yoast-schema-graph\">{\"@context\":\"https:\\\/\\\/schema.org\",\"@graph\":[{\"@type\":\"WebPage\",\"@id\":\"https:\\\/\\\/caixas.net\\\/yurt\\\/materiais-opcoes\\\/\",\"url\":\"https:\\\/\\\/caixas.net\\\/yurt\\\/materiais-opcoes\\\/\",\"name\":\"Materiais \\\/ Op\u00e7\u00f5es - Tendas Yurt\",\"isPartOf\":{\"@id\":\"https:\\\/\\\/caixas.net\\\/yurt\\\/#website\"},\"primaryImageOfPage\":{\"@id\":\"https:\\\/\\\/caixas.net\\\/yurt\\\/materiais-opcoes\\\/#primaryimage\"},\"image\":{\"@id\":\"https:\\\/\\\/caixas.net\\\/yurt\\\/materiais-opcoes\\\/#primaryimage\"},\"thumbnailUrl\":\"https:\\\/\\\/caixas.net\\\/yurt\\\/wp-content\\\/uploads\\\/2019\\\/02\\\/Yurt-Estrutura-1-e1552513082892-300x166.jpg\",\"datePublished\":\"2019-03-13T18:51:51+00:00\",\"dateModified\":\"2021-02-22T23:21:54+00:00\",\"description\":\"As Yurts podem ser constru\u00eddas com diversos materiais. Estes devem ser selecionados de acordo com o clima onde a Yurt vai ser montada, a finalidade a que se destina..., e pode sempre ajustar os materiais ao seu gosto. Os tipos de materiais s\u00e3o: % - Madeiras para a estrutura, o estrado e o soalho- Tipos de isolamento e respectivas espessuras- Tecidos interiores- A lonas devem ser imperme\u00e1vel e respir\u00e1vel- Cobertura da lona (aumenta a longevidade da lona)\",\"breadcrumb\":{\"@id\":\"https:\\\/\\\/caixas.net\\\/yurt\\\/materiais-opcoes\\\/#breadcrumb\"},\"inLanguage\":\"pt-PT\",\"potentialAction\":[{\"@type\":\"ReadAction\",\"target\":[\"https:\\\/\\\/caixas.net\\\/yurt\\\/materiais-opcoes\\\/\"]}]},{\"@type\":\"ImageObject\",\"inLanguage\":\"pt-PT\",\"@id\":\"https:\\\/\\\/caixas.net\\\/yurt\\\/materiais-opcoes\\\/#primaryimage\",\"url\":\"https:\\\/\\\/caixas.net\\\/yurt\\\/wp-content\\\/uploads\\\/2019\\\/02\\\/Yurt-Estrutura-1-e1552513082892.jpg\",\"contentUrl\":\"https:\\\/\\\/caixas.net\\\/yurt\\\/wp-content\\\/uploads\\\/2019\\\/02\\\/Yurt-Estrutura-1-e1552513082892.jpg\",\"width\":3020,\"height\":1669},{\"@type\":\"BreadcrumbList\",\"@id\":\"https:\\\/\\\/caixas.net\\\/yurt\\\/materiais-opcoes\\\/#breadcrumb\",\"itemListElement\":[{\"@type\":\"ListItem\",\"position\":1,\"name\":\"Home\",\"item\":\"https:\\\/\\\/caixas.net\\\/yurt\\\/\"},{\"@type\":\"ListItem\",\"position\":2,\"name\":\"Materiais \\\/ Op\u00e7\u00f5es\"}]},{\"@type\":\"WebSite\",\"@id\":\"https:\\\/\\\/caixas.net\\\/yurt\\\/#website\",\"url\":\"https:\\\/\\\/caixas.net\\\/yurt\\\/\",\"name\":\"Tendas Yurt\",\"description\":\"Produ\u00e7\u00e3o de Yurts \u00e1 medida da sua necessidade\",\"potentialAction\":[{\"@type\":\"SearchAction\",\"target\":{\"@type\":\"EntryPoint\",\"urlTemplate\":\"https:\\\/\\\/caixas.net\\\/yurt\\\/?s={search_term_string}\"},\"query-input\":{\"@type\":\"PropertyValueSpecification\",\"valueRequired\":true,\"valueName\":\"search_term_string\"}}],\"inLanguage\":\"pt-PT\"}]}<\/script>\n<!-- \/ Yoast SEO plugin. -->","yoast_head_json":{"title":"Materiais \/ Op\u00e7\u00f5es - Tendas Yurt","description":"As Yurts podem ser constru\u00eddas com diversos materiais. Estes devem ser selecionados de acordo com o clima onde a Yurt vai ser montada, a finalidade a que se destina..., e pode sempre ajustar os materiais ao seu gosto. Os tipos de materiais s\u00e3o: % - Madeiras para a estrutura, o estrado e o soalho- Tipos de isolamento e respectivas espessuras- Tecidos interiores- A lonas devem ser imperme\u00e1vel e respir\u00e1vel- Cobertura da lona (aumenta a longevidade da lona)","robots":{"index":"index","follow":"follow","max-snippet":"max-snippet:-1","max-image-preview":"max-image-preview:large","max-video-preview":"max-video-preview:-1"},"canonical":"https:\/\/caixas.net\/yurt\/materiais-opcoes\/","og_locale":"pt_PT","og_type":"article","og_title":"Materiais \/ Op\u00e7\u00f5es - Tendas Yurt","og_description":"As Yurts podem ser constru\u00eddas com diversos materiais. Estes devem ser selecionados de acordo com o clima onde a Yurt vai ser montada, a finalidade a que se destina..., e pode sempre ajustar os materiais ao seu gosto. Os tipos de materiais s\u00e3o: % - Madeiras para a estrutura, o estrado e o soalho- Tipos de isolamento e respectivas espessuras- Tecidos interiores- A lonas devem ser imperme\u00e1vel e respir\u00e1vel- Cobertura da lona (aumenta a longevidade da lona)","og_url":"https:\/\/caixas.net\/yurt\/materiais-opcoes\/","og_site_name":"Tendas Yurt","article_modified_time":"2021-02-22T23:21:54+00:00","og_image":[{"url":"https:\/\/caixas.net\/yurt\/wp-content\/uploads\/2019\/02\/Yurt-Estrutura-1-e1552513082892-300x166.jpg","type":"","width":"","height":""}],"twitter_card":"summary_large_image","twitter_misc":{"Tempo estimado de leitura":"3 minutos"},"schema":{"@context":"https:\/\/schema.org","@graph":[{"@type":"WebPage","@id":"https:\/\/caixas.net\/yurt\/materiais-opcoes\/","url":"https:\/\/caixas.net\/yurt\/materiais-opcoes\/","name":"Materiais \/ Op\u00e7\u00f5es - Tendas Yurt","isPartOf":{"@id":"https:\/\/caixas.net\/yurt\/#website"},"primaryImageOfPage":{"@id":"https:\/\/caixas.net\/yurt\/materiais-opcoes\/#primaryimage"},"image":{"@id":"https:\/\/caixas.net\/yurt\/materiais-opcoes\/#primaryimage"},"thumbnailUrl":"https:\/\/caixas.net\/yurt\/wp-content\/uploads\/2019\/02\/Yurt-Estrutura-1-e1552513082892-300x166.jpg","datePublished":"2019-03-13T18:51:51+00:00","dateModified":"2021-02-22T23:21:54+00:00","description":"As Yurts podem ser constru\u00eddas com diversos materiais. Estes devem ser selecionados de acordo com o clima onde a Yurt vai ser montada, a finalidade a que se destina..., e pode sempre ajustar os materiais ao seu gosto. Os tipos de materiais s\u00e3o: % - Madeiras para a estrutura, o estrado e o soalho- Tipos de isolamento e respectivas espessuras- Tecidos interiores- A lonas devem ser imperme\u00e1vel e respir\u00e1vel- Cobertura da lona (aumenta a longevidade da lona)","breadcrumb":{"@id":"https:\/\/caixas.net\/yurt\/materiais-opcoes\/#breadcrumb"},"inLanguage":"pt-PT","potentialAction":[{"@type":"ReadAction","target":["https:\/\/caixas.net\/yurt\/materiais-opcoes\/"]}]},{"@type":"ImageObject","inLanguage":"pt-PT","@id":"https:\/\/caixas.net\/yurt\/materiais-opcoes\/#primaryimage","url":"https:\/\/caixas.net\/yurt\/wp-content\/uploads\/2019\/02\/Yurt-Estrutura-1-e1552513082892.jpg","contentUrl":"https:\/\/caixas.net\/yurt\/wp-content\/uploads\/2019\/02\/Yurt-Estrutura-1-e1552513082892.jpg","width":3020,"height":1669},{"@type":"BreadcrumbList","@id":"https:\/\/caixas.net\/yurt\/materiais-opcoes\/#breadcrumb","itemListElement":[{"@type":"ListItem","position":1,"name":"Home","item":"https:\/\/caixas.net\/yurt\/"},{"@type":"ListItem","position":2,"name":"Materiais \/ Op\u00e7\u00f5es"}]},{"@type":"WebSite","@id":"https:\/\/caixas.net\/yurt\/#website","url":"https:\/\/caixas.net\/yurt\/","name":"Tendas Yurt","description":"Produ\u00e7\u00e3o de Yurts \u00e1 medida da sua necessidade","potentialAction":[{"@type":"SearchAction","target":{"@type":"EntryPoint","urlTemplate":"https:\/\/caixas.net\/yurt\/?s={search_term_string}"},"query-input":{"@type":"PropertyValueSpecification","valueRequired":true,"valueName":"search_term_string"}}],"inLanguage":"pt-PT"}]}},"_links":{"self":[{"href":"https:\/\/caixas.net\/yurt\/wp-json\/wp\/v2\/pages\/142","targetHints":{"allow":["GET"]}}],"collection":[{"href":"https:\/\/caixas.net\/yurt\/wp-json\/wp\/v2\/pages"}],"about":[{"href":"https:\/\/caixas.net\/yurt\/wp-json\/wp\/v2\/types\/page"}],"author":[{"embeddable":true,"href":"https:\/\/caixas.net\/yurt\/wp-json\/wp\/v2\/users\/1"}],"replies":[{"embeddable":true,"href":"https:\/\/caixas.net\/yurt\/wp-json\/wp\/v2\/comments?post=142"}],"version-history":[{"count":19,"href":"https:\/\/caixas.net\/yurt\/wp-json\/wp\/v2\/pages\/142\/revisions"}],"predecessor-version":[{"id":290,"href":"https:\/\/caixas.net\/yurt\/wp-json\/wp\/v2\/pages\/142\/revisions\/290"}],"wp:attachment":[{"href":"https:\/\/caixas.net\/yurt\/wp-json\/wp\/v2\/media?parent=142"}],"curies":[{"name":"wp","href":"https:\/\/api.w.org\/{rel}","templated":true}]}}