{"id":170,"date":"2019-03-13T22:45:19","date_gmt":"2019-03-13T22:45:19","guid":{"rendered":"https:\/\/caixas.net\/yurt\/?page_id=170"},"modified":"2019-11-27T17:21:39","modified_gmt":"2019-11-27T17:21:39","slug":"construcao","status":"publish","type":"page","link":"https:\/\/caixas.net\/yurt\/construcao\/","title":{"rendered":"Constru\u00e7\u00e3o"},"content":{"rendered":"\n<p>As Yurts podem ser constru\u00eddas com diversos materiais. Estes devem ser seleccionados de acordo com o clima onde a Yurt vai ser montada, a finalidade a que se destina&#8230;, e pode sempre ajustar os materiais ao seu gosto.<\/p>\n<p>\u00a0<\/p>\n<p><img loading=\"lazy\" decoding=\"async\" class=\"alignnone size-medium wp-image-271\" src=\"https:\/\/caixas.net\/yurt\/wp-content\/uploads\/2019\/11\/IMG_20191013_111719-300x225.jpg\" alt=\"\" width=\"300\" height=\"225\" srcset=\"https:\/\/caixas.net\/yurt\/wp-content\/uploads\/2019\/11\/IMG_20191013_111719-300x225.jpg 300w, https:\/\/caixas.net\/yurt\/wp-content\/uploads\/2019\/11\/IMG_20191013_111719-768x576.jpg 768w, https:\/\/caixas.net\/yurt\/wp-content\/uploads\/2019\/11\/IMG_20191013_111719-1024x768.jpg 1024w\" sizes=\"auto, (max-width: 300px) 100vw, 300px\" \/><img loading=\"lazy\" decoding=\"async\" class=\"alignnone size-medium wp-image-270\" src=\"https:\/\/caixas.net\/yurt\/wp-content\/uploads\/2019\/11\/IMG_20191013_095742-300x225.jpg\" alt=\"\" width=\"300\" height=\"225\" srcset=\"https:\/\/caixas.net\/yurt\/wp-content\/uploads\/2019\/11\/IMG_20191013_095742-300x225.jpg 300w, https:\/\/caixas.net\/yurt\/wp-content\/uploads\/2019\/11\/IMG_20191013_095742-768x576.jpg 768w, https:\/\/caixas.net\/yurt\/wp-content\/uploads\/2019\/11\/IMG_20191013_095742-1024x768.jpg 1024w\" sizes=\"auto, (max-width: 300px) 100vw, 300px\" \/><\/p>\n<p><img loading=\"lazy\" decoding=\"async\" class=\"alignnone size-medium wp-image-40\" src=\"https:\/\/caixas.net\/yurt\/wp-content\/uploads\/2019\/02\/Yurt-Soalho-300x225.jpg\" alt=\"\" width=\"300\" height=\"225\" srcset=\"https:\/\/caixas.net\/yurt\/wp-content\/uploads\/2019\/02\/Yurt-Soalho-300x225.jpg 300w, https:\/\/caixas.net\/yurt\/wp-content\/uploads\/2019\/02\/Yurt-Soalho-768x576.jpg 768w, https:\/\/caixas.net\/yurt\/wp-content\/uploads\/2019\/02\/Yurt-Soalho.jpg 1024w\" sizes=\"auto, (max-width: 300px) 100vw, 300px\" \/><img loading=\"lazy\" decoding=\"async\" class=\"alignnone  wp-image-35\" src=\"https:\/\/caixas.net\/yurt\/wp-content\/uploads\/2019\/02\/Yurt-Estrado-300x295.jpg\" alt=\"\" width=\"302\" height=\"298\" srcset=\"https:\/\/caixas.net\/yurt\/wp-content\/uploads\/2019\/02\/Yurt-Estrado-300x295.jpg 300w, https:\/\/caixas.net\/yurt\/wp-content\/uploads\/2019\/02\/Yurt-Estrado.jpg 768w, https:\/\/caixas.net\/yurt\/wp-content\/uploads\/2019\/02\/Yurt-Estrado-100x100.jpg 100w\" sizes=\"auto, (max-width: 302px) 100vw, 302px\" \/><\/p>\n<p><img loading=\"lazy\" decoding=\"async\" class=\"alignnone size-medium wp-image-163\" src=\"https:\/\/caixas.net\/yurt\/wp-content\/uploads\/2019\/03\/Yurt-Estrutura-2-e1552515377706-300x166.jpg\" alt=\"\" width=\"300\" height=\"166\" srcset=\"https:\/\/caixas.net\/yurt\/wp-content\/uploads\/2019\/03\/Yurt-Estrutura-2-e1552515377706-300x166.jpg 300w, https:\/\/caixas.net\/yurt\/wp-content\/uploads\/2019\/03\/Yurt-Estrutura-2-e1552515377706-768x426.jpg 768w, https:\/\/caixas.net\/yurt\/wp-content\/uploads\/2019\/03\/Yurt-Estrutura-2-e1552515377706-1024x568.jpg 1024w\" sizes=\"auto, (max-width: 300px) 100vw, 300px\" \/><img loading=\"lazy\" decoding=\"async\" class=\"alignnone size-medium wp-image-34\" src=\"https:\/\/caixas.net\/yurt\/wp-content\/uploads\/2019\/02\/Yurt-Cupula-300x200.jpg\" alt=\"\" width=\"300\" height=\"200\" srcset=\"https:\/\/caixas.net\/yurt\/wp-content\/uploads\/2019\/02\/Yurt-Cupula-300x200.jpg 300w, https:\/\/caixas.net\/yurt\/wp-content\/uploads\/2019\/02\/Yurt-Cupula-768x511.jpg 768w, https:\/\/caixas.net\/yurt\/wp-content\/uploads\/2019\/02\/Yurt-Cupula-1024x682.jpg 1024w\" sizes=\"auto, (max-width: 300px) 100vw, 300px\" \/><\/p>\n<p><img loading=\"lazy\" decoding=\"async\" class=\"alignnone size-medium wp-image-33\" src=\"https:\/\/caixas.net\/yurt\/wp-content\/uploads\/2019\/02\/Yurt-Capa-300x200.jpg\" alt=\"\" width=\"300\" height=\"200\" srcset=\"https:\/\/caixas.net\/yurt\/wp-content\/uploads\/2019\/02\/Yurt-Capa-300x200.jpg 300w, https:\/\/caixas.net\/yurt\/wp-content\/uploads\/2019\/02\/Yurt-Capa-768x511.jpg 768w, https:\/\/caixas.net\/yurt\/wp-content\/uploads\/2019\/02\/Yurt-Capa-1024x682.jpg 1024w\" sizes=\"auto, (max-width: 300px) 100vw, 300px\" \/><img loading=\"lazy\" decoding=\"async\" class=\"alignnone size-medium wp-image-273\" src=\"https:\/\/caixas.net\/yurt\/wp-content\/uploads\/2019\/11\/IMG_20191012_182746-300x225.jpg\" alt=\"\" width=\"300\" height=\"225\" srcset=\"https:\/\/caixas.net\/yurt\/wp-content\/uploads\/2019\/11\/IMG_20191012_182746-300x225.jpg 300w, https:\/\/caixas.net\/yurt\/wp-content\/uploads\/2019\/11\/IMG_20191012_182746-768x576.jpg 768w, https:\/\/caixas.net\/yurt\/wp-content\/uploads\/2019\/11\/IMG_20191012_182746-1024x768.jpg 1024w\" sizes=\"auto, (max-width: 300px) 100vw, 300px\" \/><\/p>\n","protected":false},"excerpt":{"rendered":"<p>As Yurts podem ser constru\u00eddas com diversos materiais. Estes devem ser seleccionados de acordo com o clima onde a Yurt vai ser montada, a finalidade a que se destina&#8230;, e pode sempre ajustar os materiais ao seu gosto. \u00a0<\/p>\n","protected":false},"author":1,"featured_media":36,"parent":0,"menu_order":0,"comment_status":"closed","ping_status":"closed","template":"","meta":{"_acf_changed":false,"footnotes":""},"class_list":["post-170","page","type-page","status-publish","has-post-thumbnail","hentry"],"acf":[],"yoast_head":"<!-- This site is optimized with the Yoast SEO plugin v27.3 - https:\/\/yoast.com\/product\/yoast-seo-wordpress\/ -->\n<title>Constru\u00e7\u00e3o - Tendas Yurt<\/title>\n<meta name=\"robots\" content=\"index, follow, max-snippet:-1, max-image-preview:large, max-video-preview:-1\" \/>\n<link rel=\"canonical\" href=\"https:\/\/caixas.net\/yurt\/construcao\/\" \/>\n<meta property=\"og:locale\" content=\"pt_PT\" \/>\n<meta property=\"og:type\" content=\"article\" \/>\n<meta property=\"og:title\" content=\"Constru\u00e7\u00e3o - Tendas Yurt\" \/>\n<meta property=\"og:description\" content=\"As Yurts podem ser constru\u00eddas com diversos materiais. Estes devem ser seleccionados de acordo com o clima onde a Yurt vai ser montada, a finalidade a que se destina&#8230;, e pode sempre ajustar os materiais ao seu gosto. \u00a0\" \/>\n<meta property=\"og:url\" content=\"https:\/\/caixas.net\/yurt\/construcao\/\" \/>\n<meta property=\"og:site_name\" content=\"Tendas Yurt\" \/>\n<meta property=\"article:modified_time\" content=\"2019-11-27T17:21:39+00:00\" \/>\n<meta property=\"og:image\" content=\"https:\/\/caixas.net\/yurt\/wp-content\/uploads\/2019\/02\/Yurt-Estrutura-1-e1552513082892.jpg\" \/>\n\t<meta property=\"og:image:width\" content=\"3020\" \/>\n\t<meta property=\"og:image:height\" content=\"1669\" \/>\n\t<meta property=\"og:image:type\" content=\"image\/jpeg\" \/>\n<meta name=\"twitter:card\" content=\"summary_large_image\" \/>\n<script type=\"application\/ld+json\" class=\"yoast-schema-graph\">{\"@context\":\"https:\\\/\\\/schema.org\",\"@graph\":[{\"@type\":\"WebPage\",\"@id\":\"https:\\\/\\\/caixas.net\\\/yurt\\\/construcao\\\/\",\"url\":\"https:\\\/\\\/caixas.net\\\/yurt\\\/construcao\\\/\",\"name\":\"Constru\u00e7\u00e3o - Tendas Yurt\",\"isPartOf\":{\"@id\":\"https:\\\/\\\/caixas.net\\\/yurt\\\/#website\"},\"primaryImageOfPage\":{\"@id\":\"https:\\\/\\\/caixas.net\\\/yurt\\\/construcao\\\/#primaryimage\"},\"image\":{\"@id\":\"https:\\\/\\\/caixas.net\\\/yurt\\\/construcao\\\/#primaryimage\"},\"thumbnailUrl\":\"https:\\\/\\\/caixas.net\\\/yurt\\\/wp-content\\\/uploads\\\/2019\\\/02\\\/Yurt-Estrutura-1-e1552513082892.jpg\",\"datePublished\":\"2019-03-13T22:45:19+00:00\",\"dateModified\":\"2019-11-27T17:21:39+00:00\",\"breadcrumb\":{\"@id\":\"https:\\\/\\\/caixas.net\\\/yurt\\\/construcao\\\/#breadcrumb\"},\"inLanguage\":\"pt-PT\",\"potentialAction\":[{\"@type\":\"ReadAction\",\"target\":[\"https:\\\/\\\/caixas.net\\\/yurt\\\/construcao\\\/\"]}]},{\"@type\":\"ImageObject\",\"inLanguage\":\"pt-PT\",\"@id\":\"https:\\\/\\\/caixas.net\\\/yurt\\\/construcao\\\/#primaryimage\",\"url\":\"https:\\\/\\\/caixas.net\\\/yurt\\\/wp-content\\\/uploads\\\/2019\\\/02\\\/Yurt-Estrutura-1-e1552513082892.jpg\",\"contentUrl\":\"https:\\\/\\\/caixas.net\\\/yurt\\\/wp-content\\\/uploads\\\/2019\\\/02\\\/Yurt-Estrutura-1-e1552513082892.jpg\",\"width\":3020,\"height\":1669},{\"@type\":\"BreadcrumbList\",\"@id\":\"https:\\\/\\\/caixas.net\\\/yurt\\\/construcao\\\/#breadcrumb\",\"itemListElement\":[{\"@type\":\"ListItem\",\"position\":1,\"name\":\"Home\",\"item\":\"https:\\\/\\\/caixas.net\\\/yurt\\\/\"},{\"@type\":\"ListItem\",\"position\":2,\"name\":\"Constru\u00e7\u00e3o\"}]},{\"@type\":\"WebSite\",\"@id\":\"https:\\\/\\\/caixas.net\\\/yurt\\\/#website\",\"url\":\"https:\\\/\\\/caixas.net\\\/yurt\\\/\",\"name\":\"Tendas Yurt\",\"description\":\"Produ\u00e7\u00e3o de Yurts \u00e1 medida da sua necessidade\",\"potentialAction\":[{\"@type\":\"SearchAction\",\"target\":{\"@type\":\"EntryPoint\",\"urlTemplate\":\"https:\\\/\\\/caixas.net\\\/yurt\\\/?s={search_term_string}\"},\"query-input\":{\"@type\":\"PropertyValueSpecification\",\"valueRequired\":true,\"valueName\":\"search_term_string\"}}],\"inLanguage\":\"pt-PT\"}]}<\/script>\n<!-- \/ Yoast SEO plugin. -->","yoast_head_json":{"title":"Constru\u00e7\u00e3o - Tendas Yurt","robots":{"index":"index","follow":"follow","max-snippet":"max-snippet:-1","max-image-preview":"max-image-preview:large","max-video-preview":"max-video-preview:-1"},"canonical":"https:\/\/caixas.net\/yurt\/construcao\/","og_locale":"pt_PT","og_type":"article","og_title":"Constru\u00e7\u00e3o - Tendas Yurt","og_description":"As Yurts podem ser constru\u00eddas com diversos materiais. Estes devem ser seleccionados de acordo com o clima onde a Yurt vai ser montada, a finalidade a que se destina&#8230;, e pode sempre ajustar os materiais ao seu gosto. \u00a0","og_url":"https:\/\/caixas.net\/yurt\/construcao\/","og_site_name":"Tendas Yurt","article_modified_time":"2019-11-27T17:21:39+00:00","og_image":[{"width":3020,"height":1669,"url":"https:\/\/caixas.net\/yurt\/wp-content\/uploads\/2019\/02\/Yurt-Estrutura-1-e1552513082892.jpg","type":"image\/jpeg"}],"twitter_card":"summary_large_image","schema":{"@context":"https:\/\/schema.org","@graph":[{"@type":"WebPage","@id":"https:\/\/caixas.net\/yurt\/construcao\/","url":"https:\/\/caixas.net\/yurt\/construcao\/","name":"Constru\u00e7\u00e3o - Tendas Yurt","isPartOf":{"@id":"https:\/\/caixas.net\/yurt\/#website"},"primaryImageOfPage":{"@id":"https:\/\/caixas.net\/yurt\/construcao\/#primaryimage"},"image":{"@id":"https:\/\/caixas.net\/yurt\/construcao\/#primaryimage"},"thumbnailUrl":"https:\/\/caixas.net\/yurt\/wp-content\/uploads\/2019\/02\/Yurt-Estrutura-1-e1552513082892.jpg","datePublished":"2019-03-13T22:45:19+00:00","dateModified":"2019-11-27T17:21:39+00:00","breadcrumb":{"@id":"https:\/\/caixas.net\/yurt\/construcao\/#breadcrumb"},"inLanguage":"pt-PT","potentialAction":[{"@type":"ReadAction","target":["https:\/\/caixas.net\/yurt\/construcao\/"]}]},{"@type":"ImageObject","inLanguage":"pt-PT","@id":"https:\/\/caixas.net\/yurt\/construcao\/#primaryimage","url":"https:\/\/caixas.net\/yurt\/wp-content\/uploads\/2019\/02\/Yurt-Estrutura-1-e1552513082892.jpg","contentUrl":"https:\/\/caixas.net\/yurt\/wp-content\/uploads\/2019\/02\/Yurt-Estrutura-1-e1552513082892.jpg","width":3020,"height":1669},{"@type":"BreadcrumbList","@id":"https:\/\/caixas.net\/yurt\/construcao\/#breadcrumb","itemListElement":[{"@type":"ListItem","position":1,"name":"Home","item":"https:\/\/caixas.net\/yurt\/"},{"@type":"ListItem","position":2,"name":"Constru\u00e7\u00e3o"}]},{"@type":"WebSite","@id":"https:\/\/caixas.net\/yurt\/#website","url":"https:\/\/caixas.net\/yurt\/","name":"Tendas Yurt","description":"Produ\u00e7\u00e3o de Yurts \u00e1 medida da sua necessidade","potentialAction":[{"@type":"SearchAction","target":{"@type":"EntryPoint","urlTemplate":"https:\/\/caixas.net\/yurt\/?s={search_term_string}"},"query-input":{"@type":"PropertyValueSpecification","valueRequired":true,"valueName":"search_term_string"}}],"inLanguage":"pt-PT"}]}},"_links":{"self":[{"href":"https:\/\/caixas.net\/yurt\/wp-json\/wp\/v2\/pages\/170","targetHints":{"allow":["GET"]}}],"collection":[{"href":"https:\/\/caixas.net\/yurt\/wp-json\/wp\/v2\/pages"}],"about":[{"href":"https:\/\/caixas.net\/yurt\/wp-json\/wp\/v2\/types\/page"}],"author":[{"embeddable":true,"href":"https:\/\/caixas.net\/yurt\/wp-json\/wp\/v2\/users\/1"}],"replies":[{"embeddable":true,"href":"https:\/\/caixas.net\/yurt\/wp-json\/wp\/v2\/comments?post=170"}],"version-history":[{"count":5,"href":"https:\/\/caixas.net\/yurt\/wp-json\/wp\/v2\/pages\/170\/revisions"}],"predecessor-version":[{"id":294,"href":"https:\/\/caixas.net\/yurt\/wp-json\/wp\/v2\/pages\/170\/revisions\/294"}],"wp:featuredmedia":[{"embeddable":true,"href":"https:\/\/caixas.net\/yurt\/wp-json\/wp\/v2\/media\/36"}],"wp:attachment":[{"href":"https:\/\/caixas.net\/yurt\/wp-json\/wp\/v2\/media?parent=170"}],"curies":[{"name":"wp","href":"https:\/\/api.w.org\/{rel}","templated":true}]}}